{"id":219,"date":"2024-07-17T16:40:06","date_gmt":"2024-07-17T14:40:06","guid":{"rendered":"https:\/\/www.lacabanedamae.be\/homepage\/"},"modified":"2025-07-07T13:22:54","modified_gmt":"2025-07-07T11:22:54","slug":"homepage","status":"publish","type":"page","link":"https:\/\/www.lacabanedamae.be\/nl\/","title":{"rendered":"Homepage"},"content":{"rendered":"\n\n\t<h1>ontsnap<br \/>\nin het hart<br \/>\nvan het bos<\/h1>\n\t\t\t<a href=\"https:\/\/www.lacabanedamae.be\/nl\/#contact\" target=\"_self\">\n\t\t\t\t\t\t\tcontacteer ons\n\t\t\t\t\t<\/a>\n\t\t\t\t\t\t\t\t\t<img loading=\"lazy\" decoding=\"async\" src=\"https:\/\/www.lacabanedamae.be\/wp-content\/uploads\/2024\/07\/Photo-Banner-884x1024.png\" alt=\"Photo Banner\" itemprop=\"image\" height=\"1024\" width=\"884\" srcset=\"https:\/\/www.lacabanedamae.be\/wp-content\/uploads\/2024\/07\/Photo-Banner-884x1024.png 884w, https:\/\/www.lacabanedamae.be\/wp-content\/uploads\/2024\/07\/Photo-Banner-259x300.png 259w, https:\/\/www.lacabanedamae.be\/wp-content\/uploads\/2024\/07\/Photo-Banner-768x890.png 768w, https:\/\/www.lacabanedamae.be\/wp-content\/uploads\/2024\/07\/Photo-Banner-1326x1536.png 1326w, https:\/\/www.lacabanedamae.be\/wp-content\/uploads\/2024\/07\/Photo-Banner-1768x2048.png 1768w\" sizes=\"auto, (max-width: 884px) 100vw, 884px\" title=\"Photo Banner\" onerror=\"this.style.display='none'\"  \/>\n\t<p>over<\/p>\n\tWelkom bij G\u00eete <em>La Cabane d&#8217;Ama\u00e9<\/em> in Roy &#8211; een ware oase van rust,<br \/>\nverscholen in het hart van een weelderige natuur. Omringd door<br \/>\nmajestueuze bomen en het melodieuze gezang van vogels, biedt<br \/>\ndeze g\u00eete een ideaal toevluchtsoord voor wie op zoek is naar<br \/>\nrust en sereniteit.\nZodra u de drempel overstapt van deze<br \/>\ncharmante woning voor zes personen, wordt u omhuld door een warme<br \/>\nen rustgevende sfeer. De inrichting straalt een knusse<br \/>\nen authentieke ambiance uit die uitnodigt tot ontspanning en bezinning.\n\t<p>De g\u00eete is voorzien van alle modern comfort voor een aangenaam verblijf, met behoud van harmonie met de omliggende natuur. Geniet van een gezellige avond bij het haardvuur in de knusse woonkamer, of kom tot rust op het terras.<\/p>\n<p>Of u nu inspiratie zoekt, tot rust wilt komen of verbinding wilt maken met de natuur &#8211; G\u00eete <em>La Cabane d&#8217;Ama\u00e9<\/em> is de perfecte plek om nieuwe energie op te doen en het evenwicht te hervinden. Laat u meevoeren door het ritselen van de bladeren in de bomen en betoveren door de magie van deze unieke plek waar stilte en kalmte heersen.<\/p>\n\t\t\t\t\t\t\t\t\t<img loading=\"lazy\" decoding=\"async\" src=\"https:\/\/www.lacabanedamae.be\/wp-content\/uploads\/bb-plugin\/cache\/home-1-carree-square.jpg\" alt=\"home-1-carree\" itemprop=\"image\" height=\"800\" width=\"800\" title=\"home-1-carree\" onerror=\"this.style.display='none'\"  \/>\n\t\t\t\t\t\t\t\t\t<img loading=\"lazy\" decoding=\"async\" src=\"https:\/\/www.lacabanedamae.be\/wp-content\/uploads\/bb-plugin\/cache\/home-2-carree-square.jpg\" alt=\"home-2-carree\" itemprop=\"image\" height=\"800\" width=\"800\" title=\"home-2-carree\" onerror=\"this.style.display='none'\"  \/>\n\t\t\t\t\t\t\t\t\t<img loading=\"lazy\" decoding=\"async\" src=\"https:\/\/www.lacabanedamae.be\/wp-content\/uploads\/bb-plugin\/cache\/home-3-carree-square.jpg\" alt=\"home-3-carree\" itemprop=\"image\" height=\"800\" width=\"800\" title=\"home-3-carree\" onerror=\"this.style.display='none'\"  \/>\n\t<p>Informatie, tarieven &#038; reservaties<\/p>\n\t\t\t<a href=\"mailto:contact@lacabanedamae.be\" target=\"_self\">\n\t\t\t\t\t\t\tContacteer ons\n\t\t\t\t\t<\/a>\n\n","protected":false},"excerpt":{"rendered":"<p>ontsnap in het hart van het bos contacteer ons over Welkom bij G\u00eete La Cabane d&#8217;Ama\u00e9 in Roy &#8211; een ware oase van rust, verscholen in het hart van een weelderige natuur. Omringd door majestueuze bomen en het melodieuze gezang van vogels, biedt deze g\u00eete een ideaal toevluchtsoord voor wie op zoek is naar rust&hellip;<\/p>\n","protected":false},"author":1,"featured_media":0,"parent":0,"menu_order":0,"comment_status":"closed","ping_status":"closed","template":"","meta":{"footnotes":""},"class_list":["post-219","page","type-page","status-publish","hentry"],"yoast_head":"<!-- This site is optimized with the Yoast SEO plugin v25.4 - https:\/\/yoast.com\/wordpress\/plugins\/seo\/ -->\n<title>G\u00eete la cabane d&#039;Ama\u00e9 - Een oase van rust midden in de natuur<\/title>\n<meta name=\"description\" content=\"Ontdek G\u00eete la cabane d&#039;Ama\u00e9, een sereen toevluchtsoord in het hart van het bos. Geniet van modern comfort, rust en de omringende natuurlijke schoonheid voor een onvergetelijk verblijf.\" \/>\n<meta name=\"robots\" content=\"index, follow, max-snippet:-1, max-image-preview:large, max-video-preview:-1\" \/>\n<link rel=\"canonical\" href=\"https:\/\/www.lacabanedamae.be\/nl\/\" \/>\n<meta property=\"og:locale\" content=\"nl_NL\" \/>\n<meta property=\"og:type\" content=\"article\" \/>\n<meta property=\"og:title\" content=\"G\u00eete la cabane d&#039;Ama\u00e9 - Een oase van rust midden in de natuur\" \/>\n<meta property=\"og:description\" content=\"Ontdek G\u00eete la cabane d&#039;Ama\u00e9, een sereen toevluchtsoord in het hart van het bos. Geniet van modern comfort, rust en de omringende natuurlijke schoonheid voor een onvergetelijk verblijf.\" \/>\n<meta property=\"og:url\" content=\"https:\/\/www.lacabanedamae.be\/nl\/\" \/>\n<meta property=\"og:site_name\" content=\"La cabane d&#039;Ama\u00e9\" \/>\n<meta property=\"article:modified_time\" content=\"2025-07-07T11:22:54+00:00\" \/>\n<meta property=\"og:image\" content=\"https:\/\/www.lacabanedamae.be\/wp-content\/uploads\/2024\/07\/Photo-Banner-884x1024.png\" \/>\n<meta name=\"twitter:card\" content=\"summary_large_image\" \/>\n<meta name=\"twitter:label1\" content=\"Geschatte leestijd\" \/>\n\t<meta name=\"twitter:data1\" content=\"5 minuten\" \/>\n<script type=\"application\/ld+json\" class=\"yoast-schema-graph\">{\"@context\":\"https:\/\/schema.org\",\"@graph\":[{\"@type\":\"WebPage\",\"@id\":\"https:\/\/www.lacabanedamae.be\/nl\/\",\"url\":\"https:\/\/www.lacabanedamae.be\/nl\/\",\"name\":\"G\u00eete la cabane d'Ama\u00e9 - Een oase van rust midden in de natuur\",\"isPartOf\":{\"@id\":\"https:\/\/www.lacabanedamae.be\/nl\/#website\"},\"primaryImageOfPage\":{\"@id\":\"https:\/\/www.lacabanedamae.be\/nl\/#primaryimage\"},\"image\":{\"@id\":\"https:\/\/www.lacabanedamae.be\/nl\/#primaryimage\"},\"thumbnailUrl\":\"https:\/\/www.lacabanedamae.be\/wp-content\/uploads\/2024\/07\/Photo-Banner-884x1024.png\",\"datePublished\":\"2024-07-17T14:40:06+00:00\",\"dateModified\":\"2025-07-07T11:22:54+00:00\",\"description\":\"Ontdek G\u00eete la cabane d'Ama\u00e9, een sereen toevluchtsoord in het hart van het bos. Geniet van modern comfort, rust en de omringende natuurlijke schoonheid voor een onvergetelijk verblijf.\",\"breadcrumb\":{\"@id\":\"https:\/\/www.lacabanedamae.be\/nl\/#breadcrumb\"},\"inLanguage\":\"nl-NL\",\"potentialAction\":[{\"@type\":\"ReadAction\",\"target\":[\"https:\/\/www.lacabanedamae.be\/nl\/\"]}]},{\"@type\":\"ImageObject\",\"inLanguage\":\"nl-NL\",\"@id\":\"https:\/\/www.lacabanedamae.be\/nl\/#primaryimage\",\"url\":\"https:\/\/www.lacabanedamae.be\/wp-content\/uploads\/2024\/07\/Photo-Banner-884x1024.png\",\"contentUrl\":\"https:\/\/www.lacabanedamae.be\/wp-content\/uploads\/2024\/07\/Photo-Banner-884x1024.png\"},{\"@type\":\"BreadcrumbList\",\"@id\":\"https:\/\/www.lacabanedamae.be\/nl\/#breadcrumb\",\"itemListElement\":[{\"@type\":\"ListItem\",\"position\":1,\"name\":\"Accueil\",\"item\":\"https:\/\/www.lacabanedamae.be\/nl\/\"},{\"@type\":\"ListItem\",\"position\":2,\"name\":\"Homepage\"}]},{\"@type\":\"WebSite\",\"@id\":\"https:\/\/www.lacabanedamae.be\/nl\/#website\",\"url\":\"https:\/\/www.lacabanedamae.be\/nl\/\",\"name\":\"La Cabane d'Ama\u00e9\",\"description\":\"Un site utilisant WordPress\",\"potentialAction\":[{\"@type\":\"SearchAction\",\"target\":{\"@type\":\"EntryPoint\",\"urlTemplate\":\"https:\/\/www.lacabanedamae.be\/nl\/?s={search_term_string}\"},\"query-input\":{\"@type\":\"PropertyValueSpecification\",\"valueRequired\":true,\"valueName\":\"search_term_string\"}}],\"inLanguage\":\"nl-NL\"}]}<\/script>\n<!-- \/ Yoast SEO plugin. -->","yoast_head_json":{"title":"G\u00eete la cabane d'Ama\u00e9 - Een oase van rust midden in de natuur","description":"Ontdek G\u00eete la cabane d'Ama\u00e9, een sereen toevluchtsoord in het hart van het bos. Geniet van modern comfort, rust en de omringende natuurlijke schoonheid voor een onvergetelijk verblijf.","robots":{"index":"index","follow":"follow","max-snippet":"max-snippet:-1","max-image-preview":"max-image-preview:large","max-video-preview":"max-video-preview:-1"},"canonical":"https:\/\/www.lacabanedamae.be\/nl\/","og_locale":"nl_NL","og_type":"article","og_title":"G\u00eete la cabane d'Ama\u00e9 - Een oase van rust midden in de natuur","og_description":"Ontdek G\u00eete la cabane d'Ama\u00e9, een sereen toevluchtsoord in het hart van het bos. Geniet van modern comfort, rust en de omringende natuurlijke schoonheid voor een onvergetelijk verblijf.","og_url":"https:\/\/www.lacabanedamae.be\/nl\/","og_site_name":"La cabane d&#039;Ama\u00e9","article_modified_time":"2025-07-07T11:22:54+00:00","og_image":[{"url":"https:\/\/www.lacabanedamae.be\/wp-content\/uploads\/2024\/07\/Photo-Banner-884x1024.png","type":"","width":"","height":""}],"twitter_card":"summary_large_image","twitter_misc":{"Geschatte leestijd":"5 minuten"},"schema":{"@context":"https:\/\/schema.org","@graph":[{"@type":"WebPage","@id":"https:\/\/www.lacabanedamae.be\/nl\/","url":"https:\/\/www.lacabanedamae.be\/nl\/","name":"G\u00eete la cabane d'Ama\u00e9 - Een oase van rust midden in de natuur","isPartOf":{"@id":"https:\/\/www.lacabanedamae.be\/nl\/#website"},"primaryImageOfPage":{"@id":"https:\/\/www.lacabanedamae.be\/nl\/#primaryimage"},"image":{"@id":"https:\/\/www.lacabanedamae.be\/nl\/#primaryimage"},"thumbnailUrl":"https:\/\/www.lacabanedamae.be\/wp-content\/uploads\/2024\/07\/Photo-Banner-884x1024.png","datePublished":"2024-07-17T14:40:06+00:00","dateModified":"2025-07-07T11:22:54+00:00","description":"Ontdek G\u00eete la cabane d'Ama\u00e9, een sereen toevluchtsoord in het hart van het bos. Geniet van modern comfort, rust en de omringende natuurlijke schoonheid voor een onvergetelijk verblijf.","breadcrumb":{"@id":"https:\/\/www.lacabanedamae.be\/nl\/#breadcrumb"},"inLanguage":"nl-NL","potentialAction":[{"@type":"ReadAction","target":["https:\/\/www.lacabanedamae.be\/nl\/"]}]},{"@type":"ImageObject","inLanguage":"nl-NL","@id":"https:\/\/www.lacabanedamae.be\/nl\/#primaryimage","url":"https:\/\/www.lacabanedamae.be\/wp-content\/uploads\/2024\/07\/Photo-Banner-884x1024.png","contentUrl":"https:\/\/www.lacabanedamae.be\/wp-content\/uploads\/2024\/07\/Photo-Banner-884x1024.png"},{"@type":"BreadcrumbList","@id":"https:\/\/www.lacabanedamae.be\/nl\/#breadcrumb","itemListElement":[{"@type":"ListItem","position":1,"name":"Accueil","item":"https:\/\/www.lacabanedamae.be\/nl\/"},{"@type":"ListItem","position":2,"name":"Homepage"}]},{"@type":"WebSite","@id":"https:\/\/www.lacabanedamae.be\/nl\/#website","url":"https:\/\/www.lacabanedamae.be\/nl\/","name":"La Cabane d'Ama\u00e9","description":"Un site utilisant WordPress","potentialAction":[{"@type":"SearchAction","target":{"@type":"EntryPoint","urlTemplate":"https:\/\/www.lacabanedamae.be\/nl\/?s={search_term_string}"},"query-input":{"@type":"PropertyValueSpecification","valueRequired":true,"valueName":"search_term_string"}}],"inLanguage":"nl-NL"}]}},"_links":{"self":[{"href":"https:\/\/www.lacabanedamae.be\/nl\/wp-json\/wp\/v2\/pages\/219","targetHints":{"allow":["GET"]}}],"collection":[{"href":"https:\/\/www.lacabanedamae.be\/nl\/wp-json\/wp\/v2\/pages"}],"about":[{"href":"https:\/\/www.lacabanedamae.be\/nl\/wp-json\/wp\/v2\/types\/page"}],"author":[{"embeddable":true,"href":"https:\/\/www.lacabanedamae.be\/nl\/wp-json\/wp\/v2\/users\/1"}],"replies":[{"embeddable":true,"href":"https:\/\/www.lacabanedamae.be\/nl\/wp-json\/wp\/v2\/comments?post=219"}],"version-history":[{"count":3,"href":"https:\/\/www.lacabanedamae.be\/nl\/wp-json\/wp\/v2\/pages\/219\/revisions"}],"predecessor-version":[{"id":231,"href":"https:\/\/www.lacabanedamae.be\/nl\/wp-json\/wp\/v2\/pages\/219\/revisions\/231"}],"wp:attachment":[{"href":"https:\/\/www.lacabanedamae.be\/nl\/wp-json\/wp\/v2\/media?parent=219"}],"curies":[{"name":"wp","href":"https:\/\/api.w.org\/{rel}","templated":true}]}}