{"id":238,"date":"2024-07-17T16:40:06","date_gmt":"2024-07-17T14:40:06","guid":{"rendered":"https:\/\/www.lacabanedamae.be\/homepage\/"},"modified":"2025-07-07T13:42:48","modified_gmt":"2025-07-07T11:42:48","slug":"homepage","status":"publish","type":"page","link":"https:\/\/www.lacabanedamae.be\/en\/","title":{"rendered":"Homepage"},"content":{"rendered":"\n\n\t<h1>escape<br \/>\nto the heart of the forest<br \/>\n<\/h1>\n\t\t\t<a href=\"https:\/\/www.lacabanedamae.be\/en\/#contact\" target=\"_self\">\n\t\t\t\t\t\t\tcontact us\n\t\t\t\t\t<\/a>\n\t\t\t\t\t\t\t\t\t<img loading=\"lazy\" decoding=\"async\" src=\"https:\/\/www.lacabanedamae.be\/wp-content\/uploads\/2024\/07\/Photo-Banner-884x1024.png\" alt=\"Photo Banner\" itemprop=\"image\" height=\"1024\" width=\"884\" srcset=\"https:\/\/www.lacabanedamae.be\/wp-content\/uploads\/2024\/07\/Photo-Banner-884x1024.png 884w, https:\/\/www.lacabanedamae.be\/wp-content\/uploads\/2024\/07\/Photo-Banner-259x300.png 259w, https:\/\/www.lacabanedamae.be\/wp-content\/uploads\/2024\/07\/Photo-Banner-768x890.png 768w, https:\/\/www.lacabanedamae.be\/wp-content\/uploads\/2024\/07\/Photo-Banner-1326x1536.png 1326w, https:\/\/www.lacabanedamae.be\/wp-content\/uploads\/2024\/07\/Photo-Banner-1768x2048.png 1768w\" sizes=\"auto, (max-width: 884px) 100vw, 884px\" title=\"Photo Banner\" onerror=\"this.style.display='none'\"  \/>\n\t<p>about us<\/p>\n\tWelcome to <em>La Cabane d&#8217;Ama\u00e9<\/em>, a charming lodge located in Roy<br \/>\n&#8211; a true haven of peace nestled in the heart of lush nature.<br \/>\nSurrounded by majestic trees and the melodious songs<br \/>\nof birds, this lodge offers the perfect refuge for those<br \/>\n seeking tranquility and serenity.\nAs soon as you step into this lovely accommodation for six guests,<br \/>\nyou are immediately enveloped by a warm<br \/>\nand soothing atmosphere. The decoration creates a cosy<br \/>\nand authentic ambiance, inviting you to relax and reflect.\n\t<p>The cottage is fully equipped with all modern comforts to ensure a pleasant stay, while maintaining harmony with the surrounding nature. Enjoy an evening by the fireplace in the cosy living room, or unwind on the terrace.<\/p>\n<p>Whether you&#8217;re looking for inspiration, rest, or a deeper connection with nature, <em>La Cabane d&#8217;Ama\u00e9<\/em> is the perfect place to recharge and restore your balance. Let yourself be lulled by the whisper of the wind through the trees and captivated by the unique magic of this peaceful retreat where calm and serenity reign.<\/p>\n\t\t\t\t\t\t\t\t\t<img loading=\"lazy\" decoding=\"async\" src=\"https:\/\/www.lacabanedamae.be\/wp-content\/uploads\/bb-plugin\/cache\/home-1-carree-square.jpg\" alt=\"home-1-carree\" itemprop=\"image\" height=\"800\" width=\"800\" title=\"home-1-carree\" onerror=\"this.style.display='none'\"  \/>\n\t\t\t\t\t\t\t\t\t<img loading=\"lazy\" decoding=\"async\" src=\"https:\/\/www.lacabanedamae.be\/wp-content\/uploads\/bb-plugin\/cache\/home-2-carree-square.jpg\" alt=\"home-2-carree\" itemprop=\"image\" height=\"800\" width=\"800\" title=\"home-2-carree\" onerror=\"this.style.display='none'\"  \/>\n\t\t\t\t\t\t\t\t\t<img loading=\"lazy\" decoding=\"async\" src=\"https:\/\/www.lacabanedamae.be\/wp-content\/uploads\/bb-plugin\/cache\/home-3-carree-square.jpg\" alt=\"home-3-carree\" itemprop=\"image\" height=\"800\" width=\"800\" title=\"home-3-carree\" onerror=\"this.style.display='none'\"  \/>\n\t<p>Information, Rates &#038; Reservations<\/p>\n\t\t\t<a href=\"mailto:contact@lacabanedamae.be\" target=\"_self\">\n\t\t\t\t\t\t\tcontact us\n\t\t\t\t\t<\/a>\n\n","protected":false},"excerpt":{"rendered":"<p>escape to the heart of the forest contact us about us Welcome to La Cabane d&#8217;Ama\u00e9, a charming lodge located in Roy &#8211; a true haven of peace nestled in the heart of lush nature. Surrounded by majestic trees and the melodious songs of birds, this lodge offers the perfect refuge for those seeking tranquility&hellip;<\/p>\n","protected":false},"author":1,"featured_media":0,"parent":0,"menu_order":0,"comment_status":"closed","ping_status":"closed","template":"","meta":{"footnotes":""},"class_list":["post-238","page","type-page","status-publish","hentry"],"yoast_head":"<!-- This site is optimized with the Yoast SEO plugin v25.4 - https:\/\/yoast.com\/wordpress\/plugins\/seo\/ -->\n<title>G\u00eete la cabane d&#039;Ama\u00e9 - A haven of peace in the heart of nature<\/title>\n<meta name=\"description\" content=\"Discover G\u00eete la cabane d&#039;Ama\u00e9, a serene refuge in the heart of the forest. Enjoy modern comforts, tranquility and natural beauty for an unforgettable stay.\" \/>\n<meta name=\"robots\" content=\"index, follow, max-snippet:-1, max-image-preview:large, max-video-preview:-1\" \/>\n<link rel=\"canonical\" href=\"https:\/\/www.lacabanedamae.be\/en\/\" \/>\n<meta property=\"og:locale\" content=\"en_US\" \/>\n<meta property=\"og:type\" content=\"article\" \/>\n<meta property=\"og:title\" content=\"G\u00eete la cabane d&#039;Ama\u00e9 - A haven of peace in the heart of nature\" \/>\n<meta property=\"og:description\" content=\"Discover G\u00eete la cabane d&#039;Ama\u00e9, a serene refuge in the heart of the forest. Enjoy modern comforts, tranquility and natural beauty for an unforgettable stay.\" \/>\n<meta property=\"og:url\" content=\"https:\/\/www.lacabanedamae.be\/en\/\" \/>\n<meta property=\"og:site_name\" content=\"La cabane d&#039;Ama\u00e9\" \/>\n<meta property=\"article:modified_time\" content=\"2025-07-07T11:42:48+00:00\" \/>\n<meta property=\"og:image\" content=\"https:\/\/www.lacabanedamae.be\/wp-content\/uploads\/2024\/07\/Photo-Banner-884x1024.png\" \/>\n<meta name=\"twitter:card\" content=\"summary_large_image\" \/>\n<meta name=\"twitter:label1\" content=\"Est. reading time\" \/>\n\t<meta name=\"twitter:data1\" content=\"1 minute\" \/>\n<script type=\"application\/ld+json\" class=\"yoast-schema-graph\">{\"@context\":\"https:\/\/schema.org\",\"@graph\":[{\"@type\":\"WebPage\",\"@id\":\"https:\/\/www.lacabanedamae.be\/en\/\",\"url\":\"https:\/\/www.lacabanedamae.be\/en\/\",\"name\":\"G\u00eete la cabane d'Ama\u00e9 - A haven of peace in the heart of nature\",\"isPartOf\":{\"@id\":\"https:\/\/www.lacabanedamae.be\/en\/#website\"},\"primaryImageOfPage\":{\"@id\":\"https:\/\/www.lacabanedamae.be\/en\/#primaryimage\"},\"image\":{\"@id\":\"https:\/\/www.lacabanedamae.be\/en\/#primaryimage\"},\"thumbnailUrl\":\"https:\/\/www.lacabanedamae.be\/wp-content\/uploads\/2024\/07\/Photo-Banner-884x1024.png\",\"datePublished\":\"2024-07-17T14:40:06+00:00\",\"dateModified\":\"2025-07-07T11:42:48+00:00\",\"description\":\"Discover G\u00eete la cabane d'Ama\u00e9, a serene refuge in the heart of the forest. Enjoy modern comforts, tranquility and natural beauty for an unforgettable stay.\",\"breadcrumb\":{\"@id\":\"https:\/\/www.lacabanedamae.be\/en\/#breadcrumb\"},\"inLanguage\":\"en-US\",\"potentialAction\":[{\"@type\":\"ReadAction\",\"target\":[\"https:\/\/www.lacabanedamae.be\/en\/\"]}]},{\"@type\":\"ImageObject\",\"inLanguage\":\"en-US\",\"@id\":\"https:\/\/www.lacabanedamae.be\/en\/#primaryimage\",\"url\":\"https:\/\/www.lacabanedamae.be\/wp-content\/uploads\/2024\/07\/Photo-Banner-884x1024.png\",\"contentUrl\":\"https:\/\/www.lacabanedamae.be\/wp-content\/uploads\/2024\/07\/Photo-Banner-884x1024.png\"},{\"@type\":\"BreadcrumbList\",\"@id\":\"https:\/\/www.lacabanedamae.be\/en\/#breadcrumb\",\"itemListElement\":[{\"@type\":\"ListItem\",\"position\":1,\"name\":\"Accueil\",\"item\":\"https:\/\/www.lacabanedamae.be\/en\/\"},{\"@type\":\"ListItem\",\"position\":2,\"name\":\"Homepage\"}]},{\"@type\":\"WebSite\",\"@id\":\"https:\/\/www.lacabanedamae.be\/en\/#website\",\"url\":\"https:\/\/www.lacabanedamae.be\/en\/\",\"name\":\"La Cabane d'Ama\u00e9\",\"description\":\"Un site utilisant WordPress\",\"potentialAction\":[{\"@type\":\"SearchAction\",\"target\":{\"@type\":\"EntryPoint\",\"urlTemplate\":\"https:\/\/www.lacabanedamae.be\/en\/?s={search_term_string}\"},\"query-input\":{\"@type\":\"PropertyValueSpecification\",\"valueRequired\":true,\"valueName\":\"search_term_string\"}}],\"inLanguage\":\"en-US\"}]}<\/script>\n<!-- \/ Yoast SEO plugin. -->","yoast_head_json":{"title":"G\u00eete la cabane d'Ama\u00e9 - A haven of peace in the heart of nature","description":"Discover G\u00eete la cabane d'Ama\u00e9, a serene refuge in the heart of the forest. Enjoy modern comforts, tranquility and natural beauty for an unforgettable stay.","robots":{"index":"index","follow":"follow","max-snippet":"max-snippet:-1","max-image-preview":"max-image-preview:large","max-video-preview":"max-video-preview:-1"},"canonical":"https:\/\/www.lacabanedamae.be\/en\/","og_locale":"en_US","og_type":"article","og_title":"G\u00eete la cabane d'Ama\u00e9 - A haven of peace in the heart of nature","og_description":"Discover G\u00eete la cabane d'Ama\u00e9, a serene refuge in the heart of the forest. Enjoy modern comforts, tranquility and natural beauty for an unforgettable stay.","og_url":"https:\/\/www.lacabanedamae.be\/en\/","og_site_name":"La cabane d&#039;Ama\u00e9","article_modified_time":"2025-07-07T11:42:48+00:00","og_image":[{"url":"https:\/\/www.lacabanedamae.be\/wp-content\/uploads\/2024\/07\/Photo-Banner-884x1024.png","type":"","width":"","height":""}],"twitter_card":"summary_large_image","twitter_misc":{"Est. reading time":"1 minute"},"schema":{"@context":"https:\/\/schema.org","@graph":[{"@type":"WebPage","@id":"https:\/\/www.lacabanedamae.be\/en\/","url":"https:\/\/www.lacabanedamae.be\/en\/","name":"G\u00eete la cabane d'Ama\u00e9 - A haven of peace in the heart of nature","isPartOf":{"@id":"https:\/\/www.lacabanedamae.be\/en\/#website"},"primaryImageOfPage":{"@id":"https:\/\/www.lacabanedamae.be\/en\/#primaryimage"},"image":{"@id":"https:\/\/www.lacabanedamae.be\/en\/#primaryimage"},"thumbnailUrl":"https:\/\/www.lacabanedamae.be\/wp-content\/uploads\/2024\/07\/Photo-Banner-884x1024.png","datePublished":"2024-07-17T14:40:06+00:00","dateModified":"2025-07-07T11:42:48+00:00","description":"Discover G\u00eete la cabane d'Ama\u00e9, a serene refuge in the heart of the forest. Enjoy modern comforts, tranquility and natural beauty for an unforgettable stay.","breadcrumb":{"@id":"https:\/\/www.lacabanedamae.be\/en\/#breadcrumb"},"inLanguage":"en-US","potentialAction":[{"@type":"ReadAction","target":["https:\/\/www.lacabanedamae.be\/en\/"]}]},{"@type":"ImageObject","inLanguage":"en-US","@id":"https:\/\/www.lacabanedamae.be\/en\/#primaryimage","url":"https:\/\/www.lacabanedamae.be\/wp-content\/uploads\/2024\/07\/Photo-Banner-884x1024.png","contentUrl":"https:\/\/www.lacabanedamae.be\/wp-content\/uploads\/2024\/07\/Photo-Banner-884x1024.png"},{"@type":"BreadcrumbList","@id":"https:\/\/www.lacabanedamae.be\/en\/#breadcrumb","itemListElement":[{"@type":"ListItem","position":1,"name":"Accueil","item":"https:\/\/www.lacabanedamae.be\/en\/"},{"@type":"ListItem","position":2,"name":"Homepage"}]},{"@type":"WebSite","@id":"https:\/\/www.lacabanedamae.be\/en\/#website","url":"https:\/\/www.lacabanedamae.be\/en\/","name":"La Cabane d'Ama\u00e9","description":"Un site utilisant WordPress","potentialAction":[{"@type":"SearchAction","target":{"@type":"EntryPoint","urlTemplate":"https:\/\/www.lacabanedamae.be\/en\/?s={search_term_string}"},"query-input":{"@type":"PropertyValueSpecification","valueRequired":true,"valueName":"search_term_string"}}],"inLanguage":"en-US"}]}},"_links":{"self":[{"href":"https:\/\/www.lacabanedamae.be\/en\/wp-json\/wp\/v2\/pages\/238","targetHints":{"allow":["GET"]}}],"collection":[{"href":"https:\/\/www.lacabanedamae.be\/en\/wp-json\/wp\/v2\/pages"}],"about":[{"href":"https:\/\/www.lacabanedamae.be\/en\/wp-json\/wp\/v2\/types\/page"}],"author":[{"embeddable":true,"href":"https:\/\/www.lacabanedamae.be\/en\/wp-json\/wp\/v2\/users\/1"}],"replies":[{"embeddable":true,"href":"https:\/\/www.lacabanedamae.be\/en\/wp-json\/wp\/v2\/comments?post=238"}],"version-history":[{"count":1,"href":"https:\/\/www.lacabanedamae.be\/en\/wp-json\/wp\/v2\/pages\/238\/revisions"}],"predecessor-version":[{"id":240,"href":"https:\/\/www.lacabanedamae.be\/en\/wp-json\/wp\/v2\/pages\/238\/revisions\/240"}],"wp:attachment":[{"href":"https:\/\/www.lacabanedamae.be\/en\/wp-json\/wp\/v2\/media?parent=238"}],"curies":[{"name":"wp","href":"https:\/\/api.w.org\/{rel}","templated":true}]}}